{"id":72,"date":"2012-10-11T16:09:18","date_gmt":"2012-10-11T16:09:18","guid":{"rendered":"http:\/\/192.168.1.3\/optflux\/?page_id=72"},"modified":"2012-10-11T16:09:18","modified_gmt":"2012-10-11T16:09:18","slug":"publications","status":"publish","type":"page","link":"http:\/\/www.optflux.org\/?page_id=72","title":{"rendered":"Publications"},"content":{"rendered":"<p><strong>OptFlux is now published<\/strong>. Please cite using:<\/p>\n<ul>\n<li>Isabel Rocha , Paulo Maia , Pedro Evangelista , Paulo Vila\u00e7a , Sim\u00e3o Soares , Jos\u00e9 P Pinto , Jens Nielsen , Kiran R Patil , Eug\u00e9nio C Ferreira and Miguel Rocha.<\/li>\n<\/ul>\n<p><a title=\"http:\/\/www.biomedcentral.com\/1752-0509\/4\/45\" href=\"http:\/\/www.biomedcentral.com\/1752-0509\/4\/45\" rel=\"nofollow\">OptFlux: an open-source software platform for in silico metabolic engineering<\/a>.\u00a0<em>BMC Systems Biology<\/em>\u00a02010,\u00a0<strong>4<\/strong>:45<\/p>\n<ul>\n<li>Miguel Rocha , Paulo Maia , Rui Mendes , Jos\u00e9 P Pinto , Eug\u00e9nio C Ferreira , Jens Nielsen , Kiran Raosaheb Patil and Isabel Rocha.<\/li>\n<\/ul>\n<p><a title=\"http:\/\/www.biomedcentral.com\/1471-2105\/9\/499\/\" href=\"http:\/\/www.biomedcentral.com\/1471-2105\/9\/499\/\" rel=\"nofollow\">Natural computation meta-heuristics for the in silico optimization of microbial strains<\/a>.\u00a0<em>BMC Bioinformatics<\/em>\u00a02008,\u00a0<strong>9<\/strong>:499<\/p>\n<ul>\n<li>Kiran Raosaheb Patil , Isabel Rocha , Jochen F\u00f6rster and Jens Nielsen.<\/li>\n<\/ul>\n<p><a title=\"http:\/\/www.biomedcentral.com\/1471-2105\/6\/308\/\" href=\"http:\/\/www.biomedcentral.com\/1471-2105\/6\/308\/\" rel=\"nofollow\">Evolutionary programming as a platform for in silico metabolic engineering<\/a>.\u00a0<em>BMC Bioinformatics<\/em>\u00a02005,\u00a0<strong>6<\/strong>:308<\/p>\n","protected":false},"excerpt":{"rendered":"<p>OptFlux is now published. Please cite using: Isabel Rocha , Paulo Maia , Pedro Evangelista , Paulo Vila\u00e7a , Sim\u00e3o Soares , Jos\u00e9 P Pinto , Jens Nielsen , Kiran R Patil , Eug\u00e9nio C Ferreira and Miguel Rocha. OptFlux:<span class=\"ellipsis\">&hellip;<\/span> <a href=\"http:\/\/www.optflux.org\/?page_id=72\"><\/p>\n<div class=\"see-more\">See more &#8250;<\/div>\n<p><!-- end of .see-more --><\/a><\/p>\n","protected":false},"author":1,"featured_media":0,"parent":0,"menu_order":0,"comment_status":"closed","ping_status":"open","template":"","meta":[],"_links":{"self":[{"href":"http:\/\/www.optflux.org\/index.php?rest_route=\/wp\/v2\/pages\/72"}],"collection":[{"href":"http:\/\/www.optflux.org\/index.php?rest_route=\/wp\/v2\/pages"}],"about":[{"href":"http:\/\/www.optflux.org\/index.php?rest_route=\/wp\/v2\/types\/page"}],"author":[{"embeddable":true,"href":"http:\/\/www.optflux.org\/index.php?rest_route=\/wp\/v2\/users\/1"}],"replies":[{"embeddable":true,"href":"http:\/\/www.optflux.org\/index.php?rest_route=%2Fwp%2Fv2%2Fcomments&post=72"}],"version-history":[{"count":1,"href":"http:\/\/www.optflux.org\/index.php?rest_route=\/wp\/v2\/pages\/72\/revisions"}],"predecessor-version":[{"id":73,"href":"http:\/\/www.optflux.org\/index.php?rest_route=\/wp\/v2\/pages\/72\/revisions\/73"}],"wp:attachment":[{"href":"http:\/\/www.optflux.org\/index.php?rest_route=%2Fwp%2Fv2%2Fmedia&parent=72"}],"curies":[{"name":"wp","href":"https:\/\/api.w.org\/{rel}","templated":true}]}}